{"id":650,"date":"2024-08-10T19:11:30","date_gmt":"2024-08-10T19:11:30","guid":{"rendered":"https:\/\/laserrana.com.ar\/?page_id=650"},"modified":"2024-12-11T01:54:18","modified_gmt":"2024-12-11T01:54:18","slug":"club-del-asador","status":"publish","type":"page","link":"https:\/\/laserrana.com.ar\/index.php\/club-del-asador\/","title":{"rendered":"Club del Asador"},"content":{"rendered":"\t\t<div data-elementor-type=\"wp-page\" data-elementor-id=\"650\" class=\"elementor elementor-650\">\n\t\t\t\t<div class=\"elementor-element elementor-element-ea2f9c6 e-con-full e-flex e-con e-parent\" data-id=\"ea2f9c6\" data-element_type=\"container\">\n\t\t\t\t<div class=\"elementor-element elementor-element-a2d5be9 elementor-widget elementor-widget-image\" data-id=\"a2d5be9\" data-element_type=\"widget\" data-widget_type=\"image.default\">\n\t\t\t\t<div class=\"elementor-widget-container\">\n\t\t\t\t\t\t\t\t\t\t\t\t\t\t\t<img fetchpriority=\"high\" decoding=\"async\" width=\"1024\" height=\"348\" src=\"https:\/\/laserrana.com.ar\/wp-content\/uploads\/2024\/08\/La-Serrana-Web-Encabezado-Club-del-Asador-1024x348.jpg\" class=\"attachment-large size-large wp-image-659\" alt=\"\" srcset=\"https:\/\/laserrana.com.ar\/wp-content\/uploads\/2024\/08\/La-Serrana-Web-Encabezado-Club-del-Asador-1024x348.jpg 1024w, https:\/\/laserrana.com.ar\/wp-content\/uploads\/2024\/08\/La-Serrana-Web-Encabezado-Club-del-Asador-300x102.jpg 300w, https:\/\/laserrana.com.ar\/wp-content\/uploads\/2024\/08\/La-Serrana-Web-Encabezado-Club-del-Asador-768x261.jpg 768w, https:\/\/laserrana.com.ar\/wp-content\/uploads\/2024\/08\/La-Serrana-Web-Encabezado-Club-del-Asador-1536x521.jpg 1536w, https:\/\/laserrana.com.ar\/wp-content\/uploads\/2024\/08\/La-Serrana-Web-Encabezado-Club-del-Asador-2048x695.jpg 2048w\" sizes=\"(max-width: 1024px) 100vw, 1024px\" \/>\t\t\t\t\t\t\t\t\t\t\t\t\t\t\t<\/div>\n\t\t\t\t<\/div>\n\t\t\t\t<\/div>\n\t\t<div class=\"elementor-element elementor-element-daf8874 e-flex e-con-boxed e-con e-parent\" data-id=\"daf8874\" data-element_type=\"container\">\n\t\t\t\t\t<div class=\"e-con-inner\">\n\t\t\t\t<div class=\"elementor-element elementor-element-aef0249 elementor-widget elementor-widget-heading\" data-id=\"aef0249\" data-element_type=\"widget\" data-widget_type=\"heading.default\">\n\t\t\t\t<div class=\"elementor-widget-container\">\n\t\t\t\t\t<h2 class=\"elementor-heading-title elementor-size-default\">Club del Asador<\/h2>\t\t\t\t<\/div>\n\t\t\t\t<\/div>\n\t\t\t\t\t<\/div>\n\t\t\t\t<\/div>\n\t\t<div class=\"elementor-element elementor-element-e7e0232 e-flex e-con-boxed e-con e-parent\" data-id=\"e7e0232\" data-element_type=\"container\">\n\t\t\t\t\t<div class=\"e-con-inner\">\n\t\t<div class=\"elementor-element elementor-element-0f086d5 e-con-full e-flex e-con e-child\" data-id=\"0f086d5\" data-element_type=\"container\">\n\t\t\t\t<div class=\"elementor-element elementor-element-85fe01b elementor-widget__width-initial elementor-widget elementor-widget-text-editor\" data-id=\"85fe01b\" data-element_type=\"widget\" data-widget_type=\"text-editor.default\">\n\t\t\t\t<div class=\"elementor-widget-container\">\n\t\t\t\t\t\t\t\t\t<p>Es un nuevo multi- espacio desarrollado por La Serrana para los amantes del t\u00edpico asado argentino. Encontrar\u00e1s en este rinc\u00f3n, todos los servicios necesarios para exigentes asadores y tambi\u00e9n para aquellos que se quieran iniciar en este apasionante mundo de los fuegos!!!<\/p><p>Te proponemos integrar la comunidad del asador. Registrate para recibir importantes beneficios, descuentos especiales, cursos y todas las propuestas del multi- espacio del asador serrano.<\/p><p>Nuestra propuesta es modular y se adapta a la necesidad de cada visitante pudiendo acceder a locaciones de variadas herramientas de fuegos, ser parte de un programa de capacitaci\u00f3n l\u00fadica, adquirir mediante nuestro carrito de compras \u2013on line- todos los productos necesarios para hacer tu asado sin tener que traer nada ni perder el tiempo en compras previas, o bien escoger el men\u00fa propuesto por el asador de turno en la variante \u201casados de autor\u201d<\/p>\t\t\t\t\t\t\t\t<\/div>\n\t\t\t\t<\/div>\n\t\t\t\t<div class=\"elementor-element elementor-element-d67a37f elementor-align-center elementor-widget elementor-widget-button\" data-id=\"d67a37f\" data-element_type=\"widget\" data-widget_type=\"button.default\">\n\t\t\t\t<div class=\"elementor-widget-container\">\n\t\t\t\t\t\t\t\t\t<div class=\"elementor-button-wrapper\">\n\t\t\t\t\t<a class=\"elementor-button elementor-button-link elementor-size-sm elementor-animation-pulse-grow\" href=\"https:\/\/laserrana.com.ar\/index.php\/cortes-de-carnes\/\">\n\t\t\t\t\t\t<span class=\"elementor-button-content-wrapper\">\n\t\t\t\t\t\t\t\t\t<span class=\"elementor-button-text\">Cortes de Carnes<\/span>\n\t\t\t\t\t<\/span>\n\t\t\t\t\t<\/a>\n\t\t\t\t<\/div>\n\t\t\t\t\t\t\t\t<\/div>\n\t\t\t\t<\/div>\n\t\t\t\t<\/div>\n\t\t<div class=\"elementor-element elementor-element-4311e35 e-con-full e-flex e-con e-child\" data-id=\"4311e35\" data-element_type=\"container\">\n\t\t\t\t<div class=\"elementor-element elementor-element-02b5d31 elementor-widget elementor-widget-image\" data-id=\"02b5d31\" data-element_type=\"widget\" data-widget_type=\"image.default\">\n\t\t\t\t<div class=\"elementor-widget-container\">\n\t\t\t\t\t\t\t\t\t\t\t\t\t\t\t<img decoding=\"async\" width=\"466\" height=\"815\" src=\"https:\/\/laserrana.com.ar\/wp-content\/uploads\/2024\/08\/La-Serrana-Club-del-Asador-Foto-A.jpg\" class=\"attachment-large size-large wp-image-683\" alt=\"\" srcset=\"https:\/\/laserrana.com.ar\/wp-content\/uploads\/2024\/08\/La-Serrana-Club-del-Asador-Foto-A.jpg 466w, https:\/\/laserrana.com.ar\/wp-content\/uploads\/2024\/08\/La-Serrana-Club-del-Asador-Foto-A-172x300.jpg 172w\" sizes=\"(max-width: 466px) 100vw, 466px\" \/>\t\t\t\t\t\t\t\t\t\t\t\t\t\t\t<\/div>\n\t\t\t\t<\/div>\n\t\t\t\t<\/div>\n\t\t\t\t\t<\/div>\n\t\t\t\t<\/div>\n\t\t<div class=\"elementor-element elementor-element-4549e3e e-flex e-con-boxed e-con e-parent\" data-id=\"4549e3e\" data-element_type=\"container\" data-settings=\"{&quot;background_background&quot;:&quot;classic&quot;}\">\n\t\t\t\t\t<div class=\"e-con-inner\">\n\t\t<div class=\"elementor-element elementor-element-3cd759b e-con-full e-flex e-con e-child\" data-id=\"3cd759b\" data-element_type=\"container\">\n\t\t\t\t<div class=\"elementor-element elementor-element-0e9e0ee elementor-arrows-position-inside elementor-pagination-position-outside elementor-widget elementor-widget-image-carousel\" data-id=\"0e9e0ee\" data-element_type=\"widget\" data-settings=\"{&quot;slides_to_show&quot;:&quot;1&quot;,&quot;navigation&quot;:&quot;both&quot;,&quot;autoplay&quot;:&quot;yes&quot;,&quot;pause_on_hover&quot;:&quot;yes&quot;,&quot;pause_on_interaction&quot;:&quot;yes&quot;,&quot;autoplay_speed&quot;:5000,&quot;infinite&quot;:&quot;yes&quot;,&quot;effect&quot;:&quot;slide&quot;,&quot;speed&quot;:500}\" data-widget_type=\"image-carousel.default\">\n\t\t\t\t<div class=\"elementor-widget-container\">\n\t\t\t\t\t\t\t<div class=\"elementor-image-carousel-wrapper swiper\" role=\"region\" aria-roledescription=\"carousel\" aria-label=\"Carrusel de im\u00e1genes\" dir=\"ltr\">\n\t\t\t<div class=\"elementor-image-carousel swiper-wrapper\" aria-live=\"off\">\n\t\t\t\t\t\t\t\t<div class=\"swiper-slide\" role=\"group\" aria-roledescription=\"slide\" aria-label=\"1 de 6\"><figure class=\"swiper-slide-inner\"><img decoding=\"async\" class=\"swiper-slide-image\" src=\"https:\/\/laserrana.com.ar\/wp-content\/uploads\/2024\/08\/La-Serrana-Club-del-Asador-Galeria-A.jpg\" alt=\"La Serrana - Club del Asador - Galeria A\" \/><\/figure><\/div><div class=\"swiper-slide\" role=\"group\" aria-roledescription=\"slide\" aria-label=\"2 de 6\"><figure class=\"swiper-slide-inner\"><img decoding=\"async\" class=\"swiper-slide-image\" src=\"https:\/\/laserrana.com.ar\/wp-content\/uploads\/2024\/08\/La-Serrana-Club-del-Asador-Galeria-B.jpg\" alt=\"La Serrana - Club del Asador - Galeria B\" \/><\/figure><\/div><div class=\"swiper-slide\" role=\"group\" aria-roledescription=\"slide\" aria-label=\"3 de 6\"><figure class=\"swiper-slide-inner\"><img decoding=\"async\" class=\"swiper-slide-image\" src=\"https:\/\/laserrana.com.ar\/wp-content\/uploads\/2024\/08\/La-Serrana-Club-del-Asador-Galeria-C.jpg\" alt=\"La Serrana - Club del Asador - Galeria C\" \/><\/figure><\/div><div class=\"swiper-slide\" role=\"group\" aria-roledescription=\"slide\" aria-label=\"4 de 6\"><figure class=\"swiper-slide-inner\"><img decoding=\"async\" class=\"swiper-slide-image\" src=\"https:\/\/laserrana.com.ar\/wp-content\/uploads\/2024\/08\/La-Serrana-Club-del-Asador-Galeria-E.jpg\" alt=\"La Serrana - Club del Asador - Galeria E\" \/><\/figure><\/div><div class=\"swiper-slide\" role=\"group\" aria-roledescription=\"slide\" aria-label=\"5 de 6\"><figure class=\"swiper-slide-inner\"><img decoding=\"async\" class=\"swiper-slide-image\" src=\"https:\/\/laserrana.com.ar\/wp-content\/uploads\/2024\/08\/La-Serrana-Club-del-Asador-Galeria-F.jpg\" alt=\"La Serrana - Club del Asador - Galeria F\" \/><\/figure><\/div><div class=\"swiper-slide\" role=\"group\" aria-roledescription=\"slide\" aria-label=\"6 de 6\"><figure class=\"swiper-slide-inner\"><img decoding=\"async\" class=\"swiper-slide-image\" src=\"https:\/\/laserrana.com.ar\/wp-content\/uploads\/2024\/08\/La-Serrana-Club-del-Asador-Galeria-D.jpg\" alt=\"La Serrana - Club del Asador - Galeria D\" \/><\/figure><\/div>\t\t\t<\/div>\n\t\t\t\t\t\t\t\t\t\t\t\t<div class=\"elementor-swiper-button elementor-swiper-button-prev\" role=\"button\" tabindex=\"0\">\n\t\t\t\t\t\t<svg aria-hidden=\"true\" class=\"e-font-icon-svg e-eicon-chevron-left\" viewBox=\"0 0 1000 1000\" xmlns=\"http:\/\/www.w3.org\/2000\/svg\"><path d=\"M646 125C629 125 613 133 604 142L308 442C296 454 292 471 292 487 292 504 296 521 308 533L604 854C617 867 629 875 646 875 663 875 679 871 692 858 704 846 713 829 713 812 713 796 708 779 692 767L438 487 692 225C700 217 708 204 708 187 708 171 704 154 692 142 675 129 663 125 646 125Z\"><\/path><\/svg>\t\t\t\t\t<\/div>\n\t\t\t\t\t<div class=\"elementor-swiper-button elementor-swiper-button-next\" role=\"button\" tabindex=\"0\">\n\t\t\t\t\t\t<svg aria-hidden=\"true\" class=\"e-font-icon-svg e-eicon-chevron-right\" viewBox=\"0 0 1000 1000\" xmlns=\"http:\/\/www.w3.org\/2000\/svg\"><path d=\"M696 533C708 521 713 504 713 487 713 471 708 454 696 446L400 146C388 133 375 125 354 125 338 125 325 129 313 142 300 154 292 171 292 187 292 204 296 221 308 233L563 492 304 771C292 783 288 800 288 817 288 833 296 850 308 863 321 871 338 875 354 875 371 875 388 867 400 854L696 533Z\"><\/path><\/svg>\t\t\t\t\t<\/div>\n\t\t\t\t\n\t\t\t\t\t\t\t\t\t<div class=\"swiper-pagination\"><\/div>\n\t\t\t\t\t\t\t\t\t<\/div>\n\t\t\t\t\t\t<\/div>\n\t\t\t\t<\/div>\n\t\t\t\t<\/div>\n\t\t<div class=\"elementor-element elementor-element-236b2c2 e-con-full e-flex e-con e-child\" data-id=\"236b2c2\" data-element_type=\"container\" data-settings=\"{&quot;background_background&quot;:&quot;classic&quot;}\">\n\t\t\t\t<div class=\"elementor-element elementor-element-e5d01bc elementor-widget elementor-widget-text-editor\" data-id=\"e5d01bc\" data-element_type=\"widget\" data-widget_type=\"text-editor.default\">\n\t\t\t\t<div class=\"elementor-widget-container\">\n\t\t\t\t\t\t\t\t\t<p style=\"text-align: center;\"><strong><em>LOCACIONES PARA EL FUEGO<\/em><\/strong><br \/><em>&gt; Parrillas &gt; Estacas &gt; Animador de fuego &gt; Anafe &gt; Spiedo para parrillas &gt; Brochetero &gt; Chapa &gt; Placa de hierro &gt; Caldero &gt; Cacerola hierro &gt; Cacerola barro &gt; Provoletera &gt; Prensa de pescado &gt; Pincho choricero &gt; Brasero de pie &gt; Bandejas t\u00e9rmicas &gt; Planchitas de hierro p\/ mesa &gt; Horno de barro externo &gt; Asaderas &gt; Parrillero individual &gt; Disco de arado con patas &gt; Fogonero &gt; Disco de arado con anclaje fogonero &gt; Estaca doble parrilla anclaje fogonero &gt; Parrilla para fogonero &gt; Paellera<\/em><\/p><p style=\"text-align: center;\"><em>&gt; Delantal &gt; Gorro &gt; Guantes &gt; Atisador &gt; Palita chica, mediana y grande &gt; Tijera brasera &gt; Kit cubiertos para 2 &gt; Kit cubiertos\u00a0 &gt; Tablas de corte &gt; Fuentes para servir<\/em><\/p>\t\t\t\t\t\t\t\t<\/div>\n\t\t\t\t<\/div>\n\t\t\t\t<\/div>\n\t\t\t\t\t<\/div>\n\t\t\t\t<\/div>\n\t\t<div class=\"elementor-element elementor-element-e946ad5 e-flex e-con-boxed e-con e-parent\" data-id=\"e946ad5\" data-element_type=\"container\">\n\t\t\t\t\t<div class=\"e-con-inner\">\n\t\t\t\t<div class=\"elementor-element elementor-element-910874e elementor-widget elementor-widget-heading\" data-id=\"910874e\" data-element_type=\"widget\" data-widget_type=\"heading.default\">\n\t\t\t\t<div class=\"elementor-widget-container\">\n\t\t\t\t\t<h2 class=\"elementor-heading-title elementor-size-default\">Tienda de Campo<\/h2>\t\t\t\t<\/div>\n\t\t\t\t<\/div>\n\t\t\t\t\t<\/div>\n\t\t\t\t<\/div>\n\t\t<div class=\"elementor-element elementor-element-dc627d5 e-flex e-con-boxed e-con e-parent\" data-id=\"dc627d5\" data-element_type=\"container\" data-settings=\"{&quot;background_background&quot;:&quot;classic&quot;}\">\n\t\t\t\t\t<div class=\"e-con-inner\">\n\t\t<div class=\"elementor-element elementor-element-678f31f e-con-full e-flex e-con e-child\" data-id=\"678f31f\" data-element_type=\"container\">\n\t\t\t\t<div class=\"elementor-element elementor-element-22ae7bc elementor-arrows-position-inside elementor-pagination-position-outside elementor-widget elementor-widget-image-carousel\" data-id=\"22ae7bc\" data-element_type=\"widget\" data-settings=\"{&quot;slides_to_show&quot;:&quot;1&quot;,&quot;navigation&quot;:&quot;both&quot;,&quot;autoplay&quot;:&quot;yes&quot;,&quot;pause_on_hover&quot;:&quot;yes&quot;,&quot;pause_on_interaction&quot;:&quot;yes&quot;,&quot;autoplay_speed&quot;:5000,&quot;infinite&quot;:&quot;yes&quot;,&quot;effect&quot;:&quot;slide&quot;,&quot;speed&quot;:500}\" data-widget_type=\"image-carousel.default\">\n\t\t\t\t<div class=\"elementor-widget-container\">\n\t\t\t\t\t\t\t<div class=\"elementor-image-carousel-wrapper swiper\" role=\"region\" aria-roledescription=\"carousel\" aria-label=\"Carrusel de im\u00e1genes\" dir=\"ltr\">\n\t\t\t<div class=\"elementor-image-carousel swiper-wrapper\" aria-live=\"off\">\n\t\t\t\t\t\t\t\t<div class=\"swiper-slide\" role=\"group\" aria-roledescription=\"slide\" aria-label=\"1 de 7\"><figure class=\"swiper-slide-inner\"><img decoding=\"async\" class=\"swiper-slide-image\" src=\"https:\/\/laserrana.com.ar\/wp-content\/uploads\/2024\/08\/La-Serrana-Club-del-Asador-Tienda-de-Campo-A.jpg\" alt=\"La Serrana - Club del Asador - Tienda de Campo A\" \/><\/figure><\/div><div class=\"swiper-slide\" role=\"group\" aria-roledescription=\"slide\" aria-label=\"2 de 7\"><figure class=\"swiper-slide-inner\"><img decoding=\"async\" class=\"swiper-slide-image\" src=\"https:\/\/laserrana.com.ar\/wp-content\/uploads\/2024\/08\/La-Serrana-Club-del-Asador-Tienda-de-Campo-B.jpg\" alt=\"La Serrana - Club del Asador - Tienda de Campo B\" \/><\/figure><\/div><div class=\"swiper-slide\" role=\"group\" aria-roledescription=\"slide\" aria-label=\"3 de 7\"><figure class=\"swiper-slide-inner\"><img decoding=\"async\" class=\"swiper-slide-image\" src=\"https:\/\/laserrana.com.ar\/wp-content\/uploads\/2024\/08\/La-Serrana-Club-del-Asador-Tienda-de-Campo-C.jpg\" alt=\"La Serrana - Club del Asador - Tienda de Campo C\" \/><\/figure><\/div><div class=\"swiper-slide\" role=\"group\" aria-roledescription=\"slide\" aria-label=\"4 de 7\"><figure class=\"swiper-slide-inner\"><img decoding=\"async\" class=\"swiper-slide-image\" src=\"https:\/\/laserrana.com.ar\/wp-content\/uploads\/2024\/08\/La-Serrana-Club-del-Asador-Tienda-de-Campo-D.jpg\" alt=\"La Serrana - Club del Asador - Tienda de Campo D\" \/><\/figure><\/div><div class=\"swiper-slide\" role=\"group\" aria-roledescription=\"slide\" aria-label=\"5 de 7\"><figure class=\"swiper-slide-inner\"><img decoding=\"async\" class=\"swiper-slide-image\" src=\"https:\/\/laserrana.com.ar\/wp-content\/uploads\/2024\/08\/La-Serrana-Club-del-Asador-Tienda-de-Campo-F.jpg\" alt=\"La Serrana - Club del Asador - Tienda de Campo F\" \/><\/figure><\/div><div class=\"swiper-slide\" role=\"group\" aria-roledescription=\"slide\" aria-label=\"6 de 7\"><figure class=\"swiper-slide-inner\"><img decoding=\"async\" class=\"swiper-slide-image\" src=\"https:\/\/laserrana.com.ar\/wp-content\/uploads\/2024\/08\/La-Serrana-Club-del-Asador-Tienda-de-Campo-G.jpg\" alt=\"La Serrana - Club del Asador - Tienda de Campo G\" \/><\/figure><\/div><div class=\"swiper-slide\" role=\"group\" aria-roledescription=\"slide\" aria-label=\"7 de 7\"><figure class=\"swiper-slide-inner\"><img decoding=\"async\" class=\"swiper-slide-image\" src=\"https:\/\/laserrana.com.ar\/wp-content\/uploads\/2024\/08\/La-Serrana-Club-del-Asador-Tienda-de-Campo-E.jpg\" alt=\"La Serrana - Club del Asador - Tienda de Campo E\" \/><\/figure><\/div>\t\t\t<\/div>\n\t\t\t\t\t\t\t\t\t\t\t\t<div class=\"elementor-swiper-button elementor-swiper-button-prev\" role=\"button\" tabindex=\"0\">\n\t\t\t\t\t\t<svg aria-hidden=\"true\" class=\"e-font-icon-svg e-eicon-chevron-left\" viewBox=\"0 0 1000 1000\" xmlns=\"http:\/\/www.w3.org\/2000\/svg\"><path d=\"M646 125C629 125 613 133 604 142L308 442C296 454 292 471 292 487 292 504 296 521 308 533L604 854C617 867 629 875 646 875 663 875 679 871 692 858 704 846 713 829 713 812 713 796 708 779 692 767L438 487 692 225C700 217 708 204 708 187 708 171 704 154 692 142 675 129 663 125 646 125Z\"><\/path><\/svg>\t\t\t\t\t<\/div>\n\t\t\t\t\t<div class=\"elementor-swiper-button elementor-swiper-button-next\" role=\"button\" tabindex=\"0\">\n\t\t\t\t\t\t<svg aria-hidden=\"true\" class=\"e-font-icon-svg e-eicon-chevron-right\" viewBox=\"0 0 1000 1000\" xmlns=\"http:\/\/www.w3.org\/2000\/svg\"><path d=\"M696 533C708 521 713 504 713 487 713 471 708 454 696 446L400 146C388 133 375 125 354 125 338 125 325 129 313 142 300 154 292 171 292 187 292 204 296 221 308 233L563 492 304 771C292 783 288 800 288 817 288 833 296 850 308 863 321 871 338 875 354 875 371 875 388 867 400 854L696 533Z\"><\/path><\/svg>\t\t\t\t\t<\/div>\n\t\t\t\t\n\t\t\t\t\t\t\t\t\t<div class=\"swiper-pagination\"><\/div>\n\t\t\t\t\t\t\t\t\t<\/div>\n\t\t\t\t\t\t<\/div>\n\t\t\t\t<\/div>\n\t\t\t\t<\/div>\n\t\t<div class=\"elementor-element elementor-element-e20742b e-con-full e-flex e-con e-child\" data-id=\"e20742b\" data-element_type=\"container\">\n\t\t\t\t<div class=\"elementor-element elementor-element-61ee952 elementor-widget elementor-widget-text-editor\" data-id=\"61ee952\" data-element_type=\"widget\" data-widget_type=\"text-editor.default\">\n\t\t\t\t<div class=\"elementor-widget-container\">\n\t\t\t\t\t\t\t\t\t<p>La tienda funciona como un complemento al club del asador, donde tambi\u00e9n podr\u00e1 abastecerse de insumos necesarios como podr\u00eda ser le\u00f1a, hielo, vinos, cervezas artesanales, panificaci\u00f3n o alguna deliciosa tabla de picada para disfrutar mientras termina su arte en los fuegos.<\/p><p>Tambi\u00e9n encontrar\u00e1 artesan\u00edas, souvenirs y productos regionales para regalar o regalarse en su estad\u00eda en nuestro complejo.<\/p><p>Te ofecemos una amplia variedad de vinos, ensaladas, salames, quesos, conservas y dem\u00e1s productos para acompa\u00f1ar tu asado.<\/p>\t\t\t\t\t\t\t\t<\/div>\n\t\t\t\t<\/div>\n\t\t\t\t<\/div>\n\t\t\t\t\t<\/div>\n\t\t\t\t<\/div>\n\t\t\t\t<\/div>\n\t\t","protected":false},"excerpt":{"rendered":"<p>Club del Asador Es un nuevo multi- espacio desarrollado por La Serrana para los amantes del t\u00edpico asado argentino. Encontrar\u00e1s [&hellip;]<\/p>\n","protected":false},"author":2,"featured_media":0,"parent":0,"menu_order":0,"comment_status":"closed","ping_status":"closed","template":"elementor_header_footer","meta":{"site-sidebar-layout":"no-sidebar","site-content-layout":"","ast-site-content-layout":"full-width-container","site-content-style":"default","site-sidebar-style":"default","ast-global-header-display":"","ast-banner-title-visibility":"","ast-main-header-display":"","ast-hfb-above-header-display":"","ast-hfb-below-header-display":"","ast-hfb-mobile-header-display":"","site-post-title":"disabled","ast-breadcrumbs-content":"","ast-featured-img":"disabled","footer-sml-layout":"","theme-transparent-header-meta":"","adv-header-id-meta":"","stick-header-meta":"","header-above-stick-meta":"","header-main-stick-meta":"","header-below-stick-meta":"","astra-migrate-meta-layouts":"default","ast-page-background-enabled":"default","ast-page-background-meta":{"desktop":{"background-color":"var(--ast-global-color-4)","background-image":"","background-repeat":"repeat","background-position":"center center","background-size":"auto","background-attachment":"scroll","background-type":"","background-media":"","overlay-type":"","overlay-color":"","overlay-opacity":"","overlay-gradient":""},"tablet":{"background-color":"","background-image":"","background-repeat":"repeat","background-position":"center center","background-size":"auto","background-attachment":"scroll","background-type":"","background-media":"","overlay-type":"","overlay-color":"","overlay-opacity":"","overlay-gradient":""},"mobile":{"background-color":"","background-image":"","background-repeat":"repeat","background-position":"center center","background-size":"auto","background-attachment":"scroll","background-type":"","background-media":"","overlay-type":"","overlay-color":"","overlay-opacity":"","overlay-gradient":""}},"ast-content-background-meta":{"desktop":{"background-color":"var(--ast-global-color-5)","background-image":"","background-repeat":"repeat","background-position":"center center","background-size":"auto","background-attachment":"scroll","background-type":"","background-media":"","overlay-type":"","overlay-color":"","overlay-opacity":"","overlay-gradient":""},"tablet":{"background-color":"var(--ast-global-color-5)","background-image":"","background-repeat":"repeat","background-position":"center center","background-size":"auto","background-attachment":"scroll","background-type":"","background-media":"","overlay-type":"","overlay-color":"","overlay-opacity":"","overlay-gradient":""},"mobile":{"background-color":"var(--ast-global-color-5)","background-image":"","background-repeat":"repeat","background-position":"center center","background-size":"auto","background-attachment":"scroll","background-type":"","background-media":"","overlay-type":"","overlay-color":"","overlay-opacity":"","overlay-gradient":""}},"footnotes":""},"class_list":["post-650","page","type-page","status-publish","hentry"],"_links":{"self":[{"href":"https:\/\/laserrana.com.ar\/index.php\/wp-json\/wp\/v2\/pages\/650","targetHints":{"allow":["GET"]}}],"collection":[{"href":"https:\/\/laserrana.com.ar\/index.php\/wp-json\/wp\/v2\/pages"}],"about":[{"href":"https:\/\/laserrana.com.ar\/index.php\/wp-json\/wp\/v2\/types\/page"}],"author":[{"embeddable":true,"href":"https:\/\/laserrana.com.ar\/index.php\/wp-json\/wp\/v2\/users\/2"}],"replies":[{"embeddable":true,"href":"https:\/\/laserrana.com.ar\/index.php\/wp-json\/wp\/v2\/comments?post=650"}],"version-history":[{"count":80,"href":"https:\/\/laserrana.com.ar\/index.php\/wp-json\/wp\/v2\/pages\/650\/revisions"}],"predecessor-version":[{"id":1005,"href":"https:\/\/laserrana.com.ar\/index.php\/wp-json\/wp\/v2\/pages\/650\/revisions\/1005"}],"wp:attachment":[{"href":"https:\/\/laserrana.com.ar\/index.php\/wp-json\/wp\/v2\/media?parent=650"}],"curies":[{"name":"wp","href":"https:\/\/api.w.org\/{rel}","templated":true}]}}